{"id":72,"date":"2025-02-14T11:48:53","date_gmt":"2025-02-14T11:48:53","guid":{"rendered":"https:\/\/eurosalesman.ae\/usa\/"},"modified":"2025-02-14T11:55:03","modified_gmt":"2025-02-14T11:55:03","slug":"usa","status":"publish","type":"page","link":"https:\/\/eurosalesman.ae\/sv\/","title":{"rendered":"F\u00f6renade Arabemiraten"},"content":{"rendered":"<div data-elementor-type=\"wp-page\" data-elementor-id=\"72\" class=\"elementor elementor-72\" data-elementor-post-type=\"page\">\n\t\t\t\t<div class=\"elementor-element elementor-element-5e093023 e-con-full e-flex e-con e-parent\" data-id=\"5e093023\" data-element_type=\"container\" data-e-type=\"container\" data-settings=\"{&quot;background_background&quot;:&quot;classic&quot;}\">\n\t\t<div class=\"elementor-element elementor-element-1ea09633 e-con-full e-flex e-con e-child\" data-id=\"1ea09633\" data-element_type=\"container\" data-e-type=\"container\">\n\t\t\t\t<div class=\"elementor-element elementor-element-7edafa7 elementor-widget__width-inherit elementor-widget-divider--view-line elementor-invisible elementor-widget elementor-widget-divider\" data-id=\"7edafa7\" data-element_type=\"widget\" data-e-type=\"widget\" data-settings=\"{&quot;_animation&quot;:&quot;fadeInLeft&quot;}\" data-widget_type=\"divider.default\">\n\t\t\t\t<div class=\"elementor-widget-container\">\n\t\t\t\t\t\t\t<div class=\"elementor-divider\">\n\t\t\t<span class=\"elementor-divider-separator\">\n\t\t\t\t\t\t<\/span>\n\t\t<\/div>\n\t\t\t\t\t\t<\/div>\n\t\t\t\t<\/div>\n\t\t\t\t<div class=\"elementor-element elementor-element-5a9bb81f elementor-widget__width-initial elementor-widget-tablet__width-inherit elementor-widget elementor-widget-heading\" data-id=\"5a9bb81f\" data-element_type=\"widget\" data-e-type=\"widget\" data-widget_type=\"heading.default\">\n\t\t\t\t<div class=\"elementor-widget-container\">\n\t\t\t\t\t<h1 class=\"elementor-heading-title elementor-size-default\">F\u00f6renade Arabemiraten - Expandera till Mellan\u00f6sterns blomstrande nav!\n\n<\/h1>\t\t\t\t<\/div>\n\t\t\t\t<\/div>\n\t\t\t\t<div class=\"elementor-element elementor-element-407a40b elementor-widget__width-initial elementor-widget-tablet__width-inherit elementor-widget elementor-widget-text-editor\" data-id=\"407a40b\" data-element_type=\"widget\" data-e-type=\"widget\" data-widget_type=\"text-editor.default\">\n\t\t\t\t<div class=\"elementor-widget-container\">\n\t\t\t\t\t\t\t\t\t<p>F\u00f6renade Arabemiraten \u00e4r en dynamisk marknad som \u00e4r k\u00e4nd f\u00f6r sin kosmopolitiska milj\u00f6 och robusta aff\u00e4rsinfrastruktur. Utnyttja denna port till Mellan\u00f6stern med Eurosalesman\u00ae och ta del av o\u00f6vertr\u00e4ffade tillv\u00e4xtm\u00f6jligheter.<\/p>\t\t\t\t\t\t\t\t<\/div>\n\t\t\t\t<\/div>\n\t\t\t\t<\/div>\n\t\t\t\t<\/div>\n\t\t<div class=\"elementor-element elementor-element-2b7fe36c e-con-full e-flex e-con e-parent\" data-id=\"2b7fe36c\" data-element_type=\"container\" data-e-type=\"container\">\n\t\t<div class=\"elementor-element elementor-element-7bc26f3c e-con-full e-flex e-con e-child\" data-id=\"7bc26f3c\" data-element_type=\"container\" data-e-type=\"container\">\n\t\t\t\t<div class=\"elementor-element elementor-element-2117ce11 elementor-widget__width-inherit elementor-widget-divider--view-line elementor-invisible elementor-widget elementor-widget-divider\" data-id=\"2117ce11\" data-element_type=\"widget\" data-e-type=\"widget\" data-settings=\"{&quot;_animation&quot;:&quot;fadeInLeft&quot;}\" data-widget_type=\"divider.default\">\n\t\t\t\t<div class=\"elementor-widget-container\">\n\t\t\t\t\t\t\t<div class=\"elementor-divider\">\n\t\t\t<span class=\"elementor-divider-separator\">\n\t\t\t\t\t\t<\/span>\n\t\t<\/div>\n\t\t\t\t\t\t<\/div>\n\t\t\t\t<\/div>\n\t\t\t\t<div class=\"elementor-element elementor-element-4ab64c89 elementor-widget__width-initial elementor-widget-tablet__width-inherit elementor-widget elementor-widget-heading\" data-id=\"4ab64c89\" data-element_type=\"widget\" data-e-type=\"widget\" data-widget_type=\"heading.default\">\n\t\t\t\t<div class=\"elementor-widget-container\">\n\t\t\t\t\t<h2 class=\"elementor-heading-title elementor-size-default\">Utvalda annonser<\/h2>\t\t\t\t<\/div>\n\t\t\t\t<\/div>\n\t\t\t\t<div class=\"elementor-element elementor-element-737871a5 elementor-widget__width-initial elementor-widget-tablet__width-inherit elementor-widget elementor-widget-text-editor\" data-id=\"737871a5\" data-element_type=\"widget\" data-e-type=\"widget\" data-widget_type=\"text-editor.default\">\n\t\t\t\t<div class=\"elementor-widget-container\">\n\t\t\t\t\t\t\t\t\t<p>Nedan presenteras de f\u00f6retag som har valt att visa upp sina varum\u00e4rken i F\u00f6renade Arabemiraten f\u00f6r att dra nytta av regionens imponerande marknadspotential.<\/p>\t\t\t\t\t\t\t\t<\/div>\n\t\t\t\t<\/div>\n\t\t\t\t<\/div>\n\t\t\t\t<\/div>\n\t\t<div class=\"elementor-element elementor-element-d35be65 e-flex e-con-boxed e-con e-parent\" data-id=\"d35be65\" data-element_type=\"container\" data-e-type=\"container\">\n\t\t\t\t\t<div class=\"e-con-inner\">\n\t\t\t\t<div class=\"elementor-element elementor-element-293355f9 elementor-widget elementor-widget-heading\" data-id=\"293355f9\" data-element_type=\"widget\" data-e-type=\"widget\" data-widget_type=\"heading.default\">\n\t\t\t\t<div class=\"elementor-widget-container\">\n\t\t\t\t\t<h2 class=\"elementor-heading-title elementor-size-default\">Fr\u00e5ga oss vad som helst<\/h2>\t\t\t\t<\/div>\n\t\t\t\t<\/div>\n\t\t<div class=\"elementor-element elementor-element-420c509d e-con-full e-flex e-con e-child\" data-id=\"420c509d\" data-element_type=\"container\" data-e-type=\"container\">\n\t\t\t\t<div class=\"elementor-element elementor-element-6faa0e8 elementor-widget__width-initial elementor-widget-tablet__width-inherit elementor-widget elementor-widget-toggle\" data-id=\"6faa0e8\" data-element_type=\"widget\" data-e-type=\"widget\" data-widget_type=\"toggle.default\">\n\t\t\t\t<div class=\"elementor-widget-container\">\n\t\t\t\t\t\t\t<div class=\"elementor-toggle\">\n\t\t\t\t\t\t\t<div class=\"elementor-toggle-item\">\n\t\t\t\t\t<h5 id=\"elementor-tab-title-1171\" class=\"elementor-tab-title\" data-tab=\"1\" role=\"button\" aria-controls=\"elementor-tab-content-1171\" aria-expanded=\"false\">\n\t\t\t\t\t\t\t\t\t\t\t\t<a class=\"elementor-toggle-title\" tabindex=\"0\">Vad \u00e4r Eurosalesman och hur kan det hj\u00e4lpa mitt f\u00f6retag?<\/a>\n\t\t\t\t\t<\/h5>\n\n\t\t\t\t\t<div id=\"elementor-tab-content-1171\" class=\"elementor-tab-content elementor-clearfix\" data-tab=\"1\" role=\"region\" aria-labelledby=\"elementor-tab-title-1171\"><p>Eurosalesman \u00e4r en global plattform som hj\u00e4lper f\u00f6retag att expandera till ledande marknader genom att utnyttja varum\u00e4rkesskydd, marknadstilltr\u00e4de och innovativa reklaml\u00f6sningar. V\u00e5ra tj\u00e4nster omfattar omfattande varum\u00e4rkesregistrering, tillg\u00e5ng till viktiga marknader p\u00e5 fem kontinenter, AI-drivet inneh\u00e5llsskapande och datadrivna annonseringsstrategier. Vi tillhandah\u00e5ller de verktyg och den support som beh\u00f6vs f\u00f6r att f\u00e5 ditt varum\u00e4rke att v\u00e4xa, n\u00e5 nya m\u00e5lgrupper och skydda ditt f\u00f6retag fr\u00e5n intr\u00e5ng och f\u00f6rfalskningar.<\/p><\/div>\n\t\t\t\t<\/div>\n\t\t\t\t\t\t\t<div class=\"elementor-toggle-item\">\n\t\t\t\t\t<h5 id=\"elementor-tab-title-1172\" class=\"elementor-tab-title\" data-tab=\"2\" role=\"button\" aria-controls=\"elementor-tab-content-1172\" aria-expanded=\"false\">\n\t\t\t\t\t\t\t\t\t\t\t\t<a class=\"elementor-toggle-title\" tabindex=\"0\">Hur skyddar Eurosalesman mitt varum\u00e4rke?<\/a>\n\t\t\t\t\t<\/h5>\n\n\t\t\t\t\t<div id=\"elementor-tab-content-1172\" class=\"elementor-tab-content elementor-clearfix\" data-tab=\"2\" role=\"region\" aria-labelledby=\"elementor-tab-title-1172\"><p>Eurosalesman samarbetar med ledande organisationer som EUIPO (European Union Intellectual Property Office), ICANN (Internet Corporation for Assigned Names and Numbers) och WIPO (World Intellectual Property Organization) f\u00f6r att erbjuda ett robust varum\u00e4rkesskydd. Vi hanterar varum\u00e4rkesregistrering, ser till att internationella standarder f\u00f6ljs och ger juridiskt st\u00f6d f\u00f6r att h\u00e4vda dina r\u00e4ttigheter mot obeh\u00f6rig anv\u00e4ndning. V\u00e5rt m\u00e5l \u00e4r att skydda ditt varum\u00e4rkes identitet och integritet globalt.<\/p><\/div>\n\t\t\t\t<\/div>\n\t\t\t\t\t\t\t<div class=\"elementor-toggle-item\">\n\t\t\t\t\t<h5 id=\"elementor-tab-title-1173\" class=\"elementor-tab-title\" data-tab=\"3\" role=\"button\" aria-controls=\"elementor-tab-content-1173\" aria-expanded=\"false\">\n\t\t\t\t\t\t\t\t\t\t\t\t<a class=\"elementor-toggle-title\" tabindex=\"0\">L\u00e4gg till en fr\u00e5ga som ofta st\u00e4lls av bes\u00f6kare och besvara den i rullgardinsmenyn.<\/a>\n\t\t\t\t\t<\/h5>\n\n\t\t\t\t\t<div id=\"elementor-tab-content-1173\" class=\"elementor-tab-content elementor-clearfix\" data-tab=\"3\" role=\"region\" aria-labelledby=\"elementor-tab-title-1173\"><p>Eurosalesman ger tillg\u00e5ng till \u00f6ver 40 av v\u00e4rldens fr\u00e4msta marknader, inklusive regioner som Amerika, Europa, Asien, Afrika och Oceanien. Varje marknad erbjuder unika m\u00f6jligheter, och v\u00e5r plattform \u00e4r utformad f\u00f6r att hj\u00e4lpa dig att navigera i dessa olika milj\u00f6er med skr\u00e4ddarsydda strategier och lokalt marknadsf\u00f6ringsst\u00f6d. Oavsett om du vill expandera i USA, Europa eller p\u00e5 tillv\u00e4xtmarknader i Afrika och Asien har Eurosalesman den expertis och de resurser som kr\u00e4vs f\u00f6r att underl\u00e4tta din tillv\u00e4xt.<\/p><\/div>\n\t\t\t\t<\/div>\n\t\t\t\t\t\t\t\t<\/div>\n\t\t\t\t\t\t<\/div>\n\t\t\t\t<\/div>\n\t\t\t\t<div class=\"elementor-element elementor-element-501f2ec8 elementor-widget__width-initial elementor-widget-tablet__width-inherit elementor-widget elementor-widget-toggle\" data-id=\"501f2ec8\" data-element_type=\"widget\" data-e-type=\"widget\" data-widget_type=\"toggle.default\">\n\t\t\t\t<div class=\"elementor-widget-container\">\n\t\t\t\t\t\t\t<div class=\"elementor-toggle\">\n\t\t\t\t\t\t\t<div class=\"elementor-toggle-item\">\n\t\t\t\t\t<h5 id=\"elementor-tab-title-1341\" class=\"elementor-tab-title\" data-tab=\"1\" role=\"button\" aria-controls=\"elementor-tab-content-1341\" aria-expanded=\"false\">\n\t\t\t\t\t\t\t\t\t\t\t\t<a class=\"elementor-toggle-title\" tabindex=\"0\">Vad \u00e4r AI:s roll i Eurosalesmans plattform?<\/a>\n\t\t\t\t\t<\/h5>\n\n\t\t\t\t\t<div id=\"elementor-tab-content-1341\" class=\"elementor-tab-content elementor-clearfix\" data-tab=\"1\" role=\"region\" aria-labelledby=\"elementor-tab-title-1341\"><p>AI spelar en avg\u00f6rande roll f\u00f6r att \u00f6ka effektiviteten och \u00e4ndam\u00e5lsenligheten i v\u00e5ra tj\u00e4nster. Eurosalesmans plattform inneh\u00e5ller AI-drivna verktyg som effektiviserar skapandet av inneh\u00e5ll f\u00f6r annonser, vilket s\u00e4kerst\u00e4ller att ditt budskap \u00e4r optimerat f\u00f6r din m\u00e5lgrupp. V\u00e5r AI analyserar marknadsdata, konsumentbeteende och tidigare kampanjresultat f\u00f6r att generera engagerande och effektfullt inneh\u00e5ll. Detta tillv\u00e4gag\u00e5ngss\u00e4tt hj\u00e4lper till att maximera r\u00e4ckvidden och effektiviteten i dina annonseringsinsatser.<\/p><\/div>\n\t\t\t\t<\/div>\n\t\t\t\t\t\t\t<div class=\"elementor-toggle-item\">\n\t\t\t\t\t<h5 id=\"elementor-tab-title-1342\" class=\"elementor-tab-title\" data-tab=\"2\" role=\"button\" aria-controls=\"elementor-tab-content-1342\" aria-expanded=\"false\">\n\t\t\t\t\t\t\t\t\t\t\t\t<a class=\"elementor-toggle-title\" tabindex=\"0\">Hur f\u00f6rb\u00e4ttrar Google Analytics mina reklamkampanjer med Eurosalesman?<\/a>\n\t\t\t\t\t<\/h5>\n\n\t\t\t\t\t<div id=\"elementor-tab-content-1342\" class=\"elementor-tab-content elementor-clearfix\" data-tab=\"2\" role=\"region\" aria-labelledby=\"elementor-tab-title-1342\"><p>Google Analytics ger v\u00e4rdefulla insikter i hur dina annonser fungerar och hj\u00e4lper dig att f\u00f6rst\u00e5 din m\u00e5lgrupp, sp\u00e5ra anv\u00e4ndarbeteende och m\u00e4ta konverteringar. Genom att integrera Google Analytics i Eurosalesmans plattform erbjuder vi dig detaljerad data som g\u00f6r det m\u00f6jligt att justera och optimera dina marknadsf\u00f6ringsstrategier i realtid. Detta datadrivna tillv\u00e4gag\u00e5ngss\u00e4tt s\u00e4kerst\u00e4ller att dina kampanjer alltid \u00e4r i linje med dina aff\u00e4rsm\u00e5l och ger b\u00e4sta m\u00f6jliga resultat.<\/p><\/div>\n\t\t\t\t<\/div>\n\t\t\t\t\t\t\t<div class=\"elementor-toggle-item\">\n\t\t\t\t\t<h5 id=\"elementor-tab-title-1343\" class=\"elementor-tab-title\" data-tab=\"3\" role=\"button\" aria-controls=\"elementor-tab-content-1343\" aria-expanded=\"false\">\n\t\t\t\t\t\t\t\t\t\t\t\t<a class=\"elementor-toggle-title\" tabindex=\"0\">Hur kommer jag ig\u00e5ng med Eurosalesman?<\/a>\n\t\t\t\t\t<\/h5>\n\n\t\t\t\t\t<div id=\"elementor-tab-content-1343\" class=\"elementor-tab-content elementor-clearfix\" data-tab=\"3\" role=\"region\" aria-labelledby=\"elementor-tab-title-1343\"><p>Att komma ig\u00e5ng med Eurosalesman \u00e4r enkelt! Du beh\u00f6ver bara kontakta oss via v\u00e5r webbplats f\u00f6r att diskutera dina aff\u00e4rsbehov och m\u00e5l. V\u00e5rt team av experter kommer att v\u00e4gleda dig genom processen med varum\u00e4rkesregistrering, marknadsintr\u00e4de och uppr\u00e4ttande av dina reklamkampanjer. Vi ger dig personlig support f\u00f6r att s\u00e4kerst\u00e4lla att ditt varum\u00e4rke skyddas och positioneras f\u00f6r framg\u00e5ng p\u00e5 den globala marknaden.<\/p><\/div>\n\t\t\t\t<\/div>\n\t\t\t\t\t\t\t\t<\/div>\n\t\t\t\t\t\t<\/div>\n\t\t\t\t<\/div>\n\t\t\t\t<\/div>\n\t\t\t\t\t<\/div>\n\t\t\t\t<\/div>\n\t\t<div class=\"elementor-element elementor-element-6c319ae4 e-con-full e-flex e-con e-parent\" data-id=\"6c319ae4\" data-element_type=\"container\" data-e-type=\"container\" data-settings=\"{&quot;background_background&quot;:&quot;classic&quot;}\">\n\t\t<div class=\"elementor-element elementor-element-37b4ba96 e-con-full e-flex e-con e-child\" data-id=\"37b4ba96\" data-element_type=\"container\" data-e-type=\"container\">\n\t\t\t\t<div class=\"elementor-element elementor-element-45364651 elementor-invisible elementor-widget elementor-widget-heading\" data-id=\"45364651\" data-element_type=\"widget\" data-e-type=\"widget\" data-settings=\"{&quot;_animation&quot;:&quot;fadeIn&quot;}\" data-widget_type=\"heading.default\">\n\t\t\t\t<div class=\"elementor-widget-container\">\n\t\t\t\t\t<h2 class=\"elementor-heading-title elementor-size-default\">Vill du s\u00e4tta fart p\u00e5 ditt f\u00f6retag redan idag?<\/h2>\t\t\t\t<\/div>\n\t\t\t\t<\/div>\n\t\t\t\t<div class=\"elementor-element elementor-element-504675cf elementor-widget elementor-widget-text-editor\" data-id=\"504675cf\" data-element_type=\"widget\" data-e-type=\"widget\" data-settings=\"{&quot;_animation&quot;:&quot;none&quot;}\" data-widget_type=\"text-editor.default\">\n\t\t\t\t<div class=\"elementor-widget-container\">\n\t\t\t\t\t\t\t\t\t<p>Kontakta oss idag f\u00f6r att f\u00e5 veta mer om hur vi kan hj\u00e4lpa dig att uppn\u00e5 dina marknadsf\u00f6ringsm\u00e5l med precision och s\u00e4kerhet.<\/p>\t\t\t\t\t\t\t\t<\/div>\n\t\t\t\t<\/div>\n\t\t\t\t<div class=\"elementor-element elementor-element-3ae1130e elementor-align-justify elementor-widget__width-initial elementor-widget elementor-widget-button\" data-id=\"3ae1130e\" data-element_type=\"widget\" data-e-type=\"widget\" data-widget_type=\"button.default\">\n\t\t\t\t<div class=\"elementor-widget-container\">\n\t\t\t\t\t\t\t\t\t<div class=\"elementor-button-wrapper\">\n\t\t\t\t\t<a class=\"elementor-button elementor-size-sm\" role=\"button\">\n\t\t\t\t\t\t<span class=\"elementor-button-content-wrapper\">\n\t\t\t\t\t\t\t\t\t<span class=\"elementor-button-text\">Kontakta oss<\/span>\n\t\t\t\t\t<\/span>\n\t\t\t\t\t<\/a>\n\t\t\t\t<\/div>\n\t\t\t\t\t\t\t\t<\/div>\n\t\t\t\t<\/div>\n\t\t\t\t<\/div>\n\t\t<div class=\"elementor-element elementor-element-601c882b e-con-full e-flex e-con e-child\" data-id=\"601c882b\" data-element_type=\"container\" data-e-type=\"container\" data-settings=\"{&quot;background_background&quot;:&quot;classic&quot;}\">\n\t\t\t\t<\/div>\n\t\t\t\t<\/div>\n\t\t\t\t<\/div>","protected":false},"excerpt":{"rendered":"<p>F\u00f6renade Arabemiraten - expandera till Mellan\u00f6sterns blomstrande nav! F\u00f6renade Arabemiraten \u00e4r en dynamisk marknad som \u00e4r k\u00e4nd f\u00f6r sin kosmopolitiska milj\u00f6 och robusta aff\u00e4rsinfrastruktur. Utnyttja denna port till Mellan\u00f6stern med Eurosalesman\u00ae och ta del av o\u00f6vertr\u00e4ffade tillv\u00e4xtm\u00f6jligheter. Utvalda annonser Nedan finns de f\u00f6retag som har valt att visa upp sina varum\u00e4rken [...]<\/p>","protected":false},"author":3,"featured_media":0,"parent":0,"menu_order":0,"comment_status":"closed","ping_status":"closed","template":"elementor_header_footer","meta":{"footnotes":""},"class_list":["post-72","page","type-page","status-publish","hentry"],"_links":{"self":[{"href":"https:\/\/eurosalesman.ae\/sv\/wp-json\/wp\/v2\/pages\/72","targetHints":{"allow":["GET"]}}],"collection":[{"href":"https:\/\/eurosalesman.ae\/sv\/wp-json\/wp\/v2\/pages"}],"about":[{"href":"https:\/\/eurosalesman.ae\/sv\/wp-json\/wp\/v2\/types\/page"}],"author":[{"embeddable":true,"href":"https:\/\/eurosalesman.ae\/sv\/wp-json\/wp\/v2\/users\/3"}],"replies":[{"embeddable":true,"href":"https:\/\/eurosalesman.ae\/sv\/wp-json\/wp\/v2\/comments?post=72"}],"version-history":[{"count":7,"href":"https:\/\/eurosalesman.ae\/sv\/wp-json\/wp\/v2\/pages\/72\/revisions"}],"predecessor-version":[{"id":121,"href":"https:\/\/eurosalesman.ae\/sv\/wp-json\/wp\/v2\/pages\/72\/revisions\/121"}],"wp:attachment":[{"href":"https:\/\/eurosalesman.ae\/sv\/wp-json\/wp\/v2\/media?parent=72"}],"curies":[{"name":"wp","href":"https:\/\/api.w.org\/{rel}","templated":true}]}}